{"id":4391,"date":"2023-01-01T00:26:37","date_gmt":"2023-01-01T00:26:37","guid":{"rendered":"https:\/\/57studio.com\/?page_id=4391"},"modified":"2024-11-20T15:14:13","modified_gmt":"2024-11-20T15:14:13","slug":"press","status":"publish","type":"page","link":"https:\/\/57studio.com\/en\/press\/","title":{"rendered":"Press"},"content":{"rendered":"<p>[vc_row][vc_column offset=&#8221;vc_hidden-xs&#8221;][sth_slider title=&#8221;Medios&#8221; slider=&#8221;4489&#8243;][\/vc_column][\/vc_row][vc_row][vc_column][vc_tta_accordion active_section=&#8221;10&#8243; collapsible_all=&#8221;true&#8221;][vc_tta_section title=&#8221;Press&#8221; tab_id=&#8221;1679530875598-3f2c0e90-9316&#8243;][vc_row_inner][vc_column_inner width=&#8221;1\/2&#8243;][vc_column_text el_class=&#8221;especial&#8221;]<span style=\"color: #151515;\"><strong>BOOKS<\/strong><\/span><\/p>\n<p>2024 . <a href=\"https:\/\/architectural.hunterdouglas.cl\/articulo\/nuevo-libro-latarq-3\/\" target=\"_blank\" rel=\"noopener\">LATARQ 03: Arquitectura Latinoamericana (Hunter Douglas)<\/a><br \/>\n2023 . <a href=\"https:\/\/www.archdaily.cl\/cl\/1006271\/springtime-arquitectura-emergente-en-chile\" target=\"_blank\" rel=\"noopener\">Springtime: Arquitectura Emergente en Chile (Constructo)<\/a><br \/>\n2022 . Neighborhood Facility Vol 6 (Archi Lab, Corea)<br \/>\n2020 . <a href=\"https:\/\/www.harpercollins.com\/products\/150-new-best-of-the-best-house-ideas-macarena-abascal-valdenebro?variant=32117504213026\" target=\"_blank\" rel=\"noopener\">150 New Best of the Best House Ideas (Harper Collins, Inglaterra)<\/a><br \/>\n2020 . <a href=\"https:\/\/www.quodlibet.it\/libro\/9788822904652\" target=\"_blank\" rel=\"noopener\">Progettare nel Paesaggio Naturale (Italia)<\/a><br \/>\n2019 . <a href=\"http:\/\/www.edicionesarq.cl\/2019\/compendium-arq-arquitectura-y-ciudad\/\" target=\"_blank\" rel=\"noopener\">Compendium ARQ (PUC, Chile)<\/a><br \/>\n2018 . <a href=\"https:\/\/www.plataformaarquitectura.cl\/cl\/894082\/latam-02-arquitectura-contemporanea-latinoamericana-hunter-douglas\" target=\"_blank\" rel=\"noopener\">LATAM 2 (Constructo, Chile)<\/a><br \/>\n2017 . <a href=\"http:\/\/www.phaidon.com\/store\/architecture\/ornament-is-crime-9780714874166\/\" target=\"_blank\" rel=\"noopener\">Ornament is Crime (Phaidon, Inglaterra)<\/a><br \/>\n2017 . <a href=\"https:\/\/puro-chile.cl\/en\/products\/juan-grimm\" target=\"_blank\" rel=\"noopener\">Juan Grimm (Puro Chile, Chile)<\/a><br \/>\n2016 . <a href=\"https:\/\/www.harpercollins.com\/products\/150-best-of-the-best-house-ideas-francesc-zamora?variant=32117369176098\" target=\"_blank\" rel=\"noopener\">150 Of The Best House Ideas (Harper Collins, Inglaterra)<\/a><br \/>\n2016 . <a href=\"https:\/\/www.plataformaarquitectura.cl\/cl\/790575\/12-casas-al-mar-tejo-ediciones\" target=\"_blank\" rel=\"noopener\">12 Casas al Mar (Tejo, Argentina)<\/a><br \/>\n2015 . <a href=\"https:\/\/ediciones.uft.cl\/libro\/remota\/\" target=\"_blank\" rel=\"noopener\">Remota (UFT, Chile)<\/a><br \/>\n2015 . <a href=\"https:\/\/puro-chile.cl\/en\/products\/blanca-montana-arquitectura-en-chile\" target=\"_blank\" rel=\"noopener\">Blanca Monta\u00f1a (Puro Chile, Chile)<\/a><br \/>\n2013 . <a href=\"https:\/\/imagespublishing.com\/us\/book\/furniture-by-architects\/\" target=\"_blank\" rel=\"noopener\">Furniture by Architects (Images, Australia)<\/a><br \/>\n2013 . <a href=\"https:\/\/books.google.cl\/books\/about\/Inspired_Homes.html?id=p7ak-ZNR5usC&amp;redir_esc=y\" target=\"_blank\" rel=\"noopener\">Inspired Homes (Images, Australia)<\/a><br \/>\n2012 . <a href=\"https:\/\/www.amazon.com\/Radical-Renovations-Inspiring-Architectural-Makeovers\/dp\/186470490X\" target=\"_blank\" rel=\"noopener\">Radical Renovations (Images, Australia)<\/a><br \/>\n2012 . World Interior Design (China)<br \/>\n2011 . Villa in Nature (China)<br \/>\n2011 . Residential Space (China)<br \/>\n2011 . 21st Century Apartment Living (Images, Australia)<br \/>\n2010 . <a href=\"https:\/\/www.amazon.com\/21st-Century-Houses-Worlds-Best\/dp\/1864703814\" target=\"_blank\" rel=\"noopener\">21st Century Houses (Images, Australia)<\/a><br \/>\n2010 . <a href=\"https:\/\/www.studiolukasfeireiss.com\/Closer-to-God\" target=\"_blank\" rel=\"noopener\">Closer to God (Gestalten, Alemania)<\/a><br \/>\n2008 . <a href=\"https:\/\/www.braun-publishing.ch\/en\/architecture\/1000-x-architecture-of-the-americas.html\" target=\"_blank\" rel=\"noopener\">1000x Arch of the Americas (Braun, Alemania)<\/a><br \/>\n2008 . <a href=\"https:\/\/www.braun-publishing.ch\/en\/architecture\/masterpieces-office-architecture-design.html\" target=\"_blank\" rel=\"noopener\">Masterpieces: Office (Braun, Alemania)<\/a><br \/>\n2008 . <a href=\"https:\/\/www.youtube.com\/watch?v=W_PJKuEsYf0\" target=\"_blank\" rel=\"noopener\">Phaidon Atlas (Phaidon, Inglaterra)<\/a><br \/>\n2008 . Pulso 1 (Constructo)<\/p>\n<p><span style=\"color: #151515;\"><strong>MAGAZINES<\/strong><\/span><\/p>\n<p>2024 . <a href=\"https:\/\/www.flipsnack.com\/5FE77CDD75E\/living-14\/full-view.html?p=38\" target=\"_blank\" rel=\"noopener\">Living . 14 . &#8220;La Est\u00e9tica Detr\u00e1s de la T\u00e9cnica&#8221;<\/a><br \/>\n2020 . <a href=\"https:\/\/www.latercera.com\/masdeco\/gran-salon\/\" target=\"_blank\" rel=\"noopener\">M\u00e1sDeco . 898 . &#8220;Gran Sal\u00f3n&#8221;<\/a> . <a href=\"https:\/\/57studio.com\/en\/projects\/merced-apartment\/\" target=\"_blank\" rel=\"noopener\">Merced Apartment<\/a><br \/>\n2019 . <a href=\"http:\/\/www.masdeco.cl\/densificar-con-calidad\/\" target=\"_blank\" rel=\"noopener\">M\u00e1sDeco . 843 . &#8220;Densificar con Calidad&#8221;<\/a> . <a href=\"https:\/\/57studio.com\/en\/projects\/holanda-townhouses\/\" target=\"_blank\" rel=\"noopener\">Holanda Townhouses<\/a><br \/>\n2018 . <a href=\"http:\/\/arhitext.blogspot.com\/2018\/03\/primul-numar-arhitext-pe-2018.html\" target=\"_blank\" rel=\"noopener\">Arhitext . 255 (Rumania)<\/a> . <a href=\"https:\/\/57studio.com\/en\/projects\/horse-stable\/\" target=\"_blank\" rel=\"noopener\">Horse Stable<\/a><br \/>\n2018 . ED . 305 . &#8220;En Niveles&#8221; . FLD House<br \/>\n2018 . <a href=\"http:\/\/www.masdeco.cl\/maquina\/\" target=\"_blank\" rel=\"noopener\">M\u00e1sDeco . 792 . &#8220;M\u00e1quina&#8221;<\/a> . <a href=\"https:\/\/57studio.com\/en\/projects\/pvc-house\/\" target=\"_blank\" rel=\"noopener\">PVC House<\/a><br \/>\n2018 . Xilofor (Constructo)<br \/>\n2018 . ED . 301 . &#8220;Premio Mejor Dise\u00f1o&#8221; . Multishelf<br \/>\n2017 . VD . 1114 . \u201cNaturaleza Entre Rectas\u201d . Fray Le\u00f3n House<br \/>\n2017 . <a href=\"http:\/\/www.masdeco.cl\/vieja-escuela\/\" target=\"_blank\" rel=\"noopener\">M\u00e1sDeco . 728 . &#8220;Vieja Escuela&#8221;<\/a> . <a href=\"https:\/\/57studio.com\/en\/projects\/pvn-house\/\" target=\"_blank\" rel=\"noopener\">PVN House<\/a><br \/>\n2016 . <a href=\"http:\/\/www.capital.cl\/vida-y-estilo\/2016\/10\/13\/132179\/57studio-una-dupla-explosiva\/\" target=\"_blank\" rel=\"noopener\">Capital . 431<\/a><br \/>\n2016 . VD . 1035 . \u201cTributo a un Establo\u201d . Horse Stable<br \/>\n2016 . Mirada Inmobiliaria<br \/>\n2016 . ED . 277 . &#8220;Premio Casa Foa&#8221; . Casa FOA Space<br \/>\n2016 . M\u00e1sDeco . 700 . &#8220;Casa Foa Imperdible&#8221; . Casa FOA Space<br \/>\n2016 . Obra . 33 (Argentina)<br \/>\n2016 . M\u00e1sDeco . 698 . &#8220;Gu\u00eda Casa Foa&#8221; . Casa FOA Space<br \/>\n2016 . M\u00e1sDeco . 693 . &#8220;El Renacer&#8221; . Franke House<br \/>\n2016 . D+A . 92 (Singapur)<br \/>\n2016 . M\u00e1sDeco . 691 . &#8220;Caja de Luz&#8221; . La Capitan\u00eda House<br \/>\n2015 . VD . 982 . &#8220;Renovada Expresi\u00f3n\u201d . Laura Tromben House<br \/>\n2015 . ED . 251 . &#8220;Lienzo en Blanco&#8221; . 57STUDIO Office<br \/>\n2015 . VD . 977 . \u201cReflejos de una Labor\u201d . 57STUDIO Office | Grupo SUD Office<br \/>\n2015 . M\u00e1sDeco . 623 . &#8220;Sinergia&#8221; . Grupo SUD Office<br \/>\n2014 . GA Houses . 139 (Jap\u00f3n)<br \/>\n2014 . Wish Casa . 30 (Brasil)<br \/>\n2014 . <a href=\"https:\/\/www.theplan.it\/magazine\/2014\/the-plan-079-12-2014-01-2015\/villa-rocas-el-pangue\" target=\"_blank\" rel=\"noopener\">The Plan . 79 (Italia)<\/a> . <a href=\"https:\/\/57studio.com\/en\/projects\/rocas-house\/\" target=\"_blank\" rel=\"noopener\">Rocas House<\/a><br \/>\n2014 . ED . 245 . &#8220;Buen T\u00e1ndem&#8221; . Rocas House<br \/>\n2014 . VD . 933 . \u201cDistender los L\u00edmites\u201d . Pedro Villagra Apartment<br \/>\n2013 . GA Houses . 130 (Jap\u00f3n)<br \/>\n2013 . Vintage Luxe (China)<br \/>\n2012 . VD . 842 . \u201cCocina Actual\u201d . Laura Tromben House<br \/>\n2012 . Interior Design . 61 (Taiwan)<br \/>\n2012 . Casas 2012<br \/>\n2012 . dConstrucci\u00f3n . 02<br \/>\n2012 . M\u00e1sDeco . 462 . &#8220;Para Grandes y Chicos&#8221; . La Capitan\u00eda House<br \/>\n2012 . Trace . 03-04<br \/>\n2012 . Casas Internacional: Casas Compactas (Argentina)<br \/>\n2012 . <a href=\"https:\/\/www.archdaily.cl\/cl\/02-142116\/zona-de-proyecto-19-chile-segun-chile\" target=\"_blank\" rel=\"noopener\">Zona de Proyecto . 19<\/a> (Argentina)<br \/>\n2011 . M\u00e1sDeco . 409 . \u201cLa Elegancia de los Detalles\u201d . Montes House<br \/>\n2011 . ED . 189 . &#8220;57STUDIO&#8221;<br \/>\n2011 . Villa Journal (RepCh)<br \/>\n2010 . M\u00e1sDeco . 394 . &#8220;Sin L\u00edmites&#8221; . K\u00fcbler House<br \/>\n2010 . East Side . 44 . \u201cEl Paisaje como Protagonista\u201d . K\u00fcbler House<br \/>\n2010 . M\u00e1sDeco . 378 . &#8220;Incondicional&#8221; . Rosas Apartment<br \/>\n2010 . Living &amp; Design . 22 (Taiwan)<br \/>\n2010 . VD . 751 . \u201cEl Encanto de lo Natural\u201d . K\u00fcbler House<br \/>\n2010 . Umran . 31 (Arabia)<br \/>\n2010 . M\u00e1sDeco . 351 . &#8220;De silueta Esbelta&#8221; . Fray Le\u00f3n House<br \/>\n2010 . Home (Francia)<br \/>\n2010 . VD . 710 . \u201cEspejo de Tradiciones\u201d . Montes House<br \/>\n2010 . M\u00e1sDeco . 394 . \u201cCinco \u00c1rboles\u201d . Fray Le\u00f3n House<br \/>\n2009 . Artravel . 29 (Francia)<br \/>\n2009 . The Square . 02 (UK)<br \/>\n2009 . Jet . 85 (HK)<br \/>\n2009 . Ambientes . 70 . Fray Le\u00f3n House<br \/>\n2009 . Compendio . 6 (Argentina)<br \/>\n2009 . AAA . 33 (Rep\u00fablica Dominicana)<br \/>\n2008 . Interni . 8 (Rusia)<br \/>\n2008 . Zona de Proyecto . 13 (Argentina)<br \/>\n2007 . ED . 140<br \/>\n2006 . <a href=\"https:\/\/dearquitectura.uchile.cl\/index.php\/RA\/article\/download\/28316\/30011\/\" target=\"_blank\" rel=\"noopener\">De Arquitectura . 13<\/a> . Suco<br \/>\n2005 . Ambientes . 45 . &#8220;Entorno para el Recogimiento&#8221; . El Roble Chapel<br \/>\n2005 . Summa+ 74 (Argentina)<br \/>\n2005 . Enlace . 10 (M\u00e9xico)<br \/>\n2004 . Nuevo Dise\u00f1o . 13 . &#8220;Pr\u00e1ctica sobre Teor\u00eda&#8221;[\/vc_column_text][\/vc_column_inner][vc_column_inner width=&#8221;1\/2&#8243; offset=&#8221;vc_hidden-lg vc_hidden-md vc_hidden-sm vc_hidden-xs&#8221;][vc_images_carousel images=&#8221;4500,4501,4502,4503,4504,4505,4506,4507,4508,4509,4510&#8243; img_size=&#8221;500&#215;800&#8243; slides_per_view=&#8221;2&#8243; autoplay=&#8221;yes&#8221; wrap=&#8221;yes&#8221;][\/vc_column_inner][\/vc_row_inner][\/vc_tta_section][vc_tta_section title=&#8221;Awards \/ Biennales&#8221; tab_id=&#8221;1679530875598-4b7ce154-d6f9&#8243;][vc_row_inner][vc_column_inner][vc_column_text el_class=&#8221;especial&#8221;]2024 . Architizer . <a href=\"https:\/\/architizer.com\/blog\/inspiration\/collections\/best-architecture-firms-in-chile\/\" target=\"_blank\" rel=\"noopener\">30 Best Architecture Firms in Chile<\/a> . Second Place<br \/>\n2024 . Archello . <a href=\"https:\/\/archello.com\/news\/25-best-architecture-firms-in-chile\" target=\"_blank\" rel=\"noopener\">25 Best Architecture Firms in Chile<\/a> . First Place<br \/>\n2023 . Archilovers . <a href=\"https:\/\/www.archilovers.com\/albums\/245\/themes?page=46\" target=\"_blank\" rel=\"noopener\">Best of 2023<\/a> . <a href=\"https:\/\/57studio.com\/en\/projects\/chaguales-house\/\" target=\"_blank\" rel=\"noopener\">Chaguales House<\/a><br \/>\n2023 . XVIII Venice Biennale . <a href=\"https:\/\/www.labiennale.org\/en\/news\/biennale-architettura-2023-laboratory-future-0\" target=\"_blank\" rel=\"noopener\">The Laboratory of the Future<\/a> . <a href=\"https:\/\/www.movingecologies.com\/projects\/las-salinas-plant-laboratory\/\" target=\"_blank\" rel=\"noopener\">Las Salinas Plant Laboratory<\/a><br \/>\n2023 . Architizer . 25 Best Architecture Firms in Chile . First Place<br \/>\n2023 . <a href=\"https:\/\/www.instagram.com\/bienalarq\/\" target=\"_blank\" rel=\"noopener\">XXII Chile Biennale<\/a> . <a href=\"https:\/\/57studio.com\/en\/projects\/holanda-townhouses\/\" target=\"_blank\" rel=\"noopener\">Holanda Townhouses<\/a><br \/>\n2020 . <a href=\"https:\/\/architectureprize.com\/winners\/winner.php?id=4183\" target=\"_blank\" rel=\"noopener\">Architecture Masterprize Award<\/a> . <a href=\"https:\/\/57studio.com\/en\/projects\/e2e-office\/\" target=\"_blank\" rel=\"noopener\">E2E Office<\/a><br \/>\n2020 . <a href=\"https:\/\/www.madera21.cl\/project-view\/oficinas-e2e\/\" target=\"_blank\" rel=\"noopener\">Madera 21 Award<\/a> . <a href=\"https:\/\/57studio.com\/en\/projects\/e2e-office\/\" target=\"_blank\" rel=\"noopener\">E2E Office<\/a><br \/>\n2020 . <a href=\"https:\/\/www.youtube.com\/watch?v=MzHi3WrLWkU\" target=\"_blank\" rel=\"noopener\">AIC Award<\/a> . <a href=\"https:\/\/57studio.com\/en\/projects\/e2e-office\/\" target=\"_blank\" rel=\"noopener\">E2E Office<\/a><br \/>\n2020 . XXI Quito Biennale<br \/>\n2020 . <a href=\"https:\/\/www.theplan.it\/award-2020-officebusiness\/e2e-offices-integrate-nature-into-work-spaces-57studio\" target=\"_blank\" rel=\"noopener\">The Plan Award (Italy)<\/a> . <a href=\"https:\/\/57studio.com\/en\/projects\/e2e-office\/\" target=\"_blank\" rel=\"noopener\">E2E Office<\/a><br \/>\n2016 . <a href=\"http:\/\/www.arquitecturapanamericana.com\/establo\/\" target=\"_blank\" rel=\"noopener\">XIX Quito Biennale<\/a> . <a href=\"https:\/\/57studio.com\/en\/projects\/horse-stable\/\" target=\"_blank\" rel=\"noopener\">Horse Stable<\/a><br \/>\n2016 . <a href=\"http:\/\/www.bienalesdearquitectura.es\/index.php\/es\/propuestas-por-paises\/6379-chile-establo\" target=\"_blank\" rel=\"noopener\">X BIAU Biennale Award (Sao Paulo)<\/a> . <a href=\"https:\/\/57studio.com\/en\/projects\/horse-stable\/\" target=\"_blank\" rel=\"noopener\">Horse Stable<\/a><br \/>\n2016 . <a href=\"https:\/\/web.facebook.com\/CasaFOACL\/videos\/francesca-bassi-nos-habla-del-espacio-de-mauricio-angelini-y-benjamin-oportot-de\/1623188201308527\/?_rdc=1&amp;_rdr\" target=\"_blank\" rel=\"noopener\">Casa FOA Chile Award<\/a> . <a href=\"https:\/\/57studio.com\/en\/projects\/casa-foa-space\/\" target=\"_blank\" rel=\"noopener\">Casa FOA Space<\/a><br \/>\n2010 . <a href=\"http:\/\/www.arquitecturapanamericana.com\/casa-kubler\/\" target=\"_blank\" rel=\"noopener\">XVII Quito Biennale<\/a> . <a href=\"https:\/\/57studio.com\/en\/projects\/kubler-house\/\" target=\"_blank\" rel=\"noopener\">K\u00fcbler House<\/a><br \/>\n2004 . XIV Chile Biennale Award . El Roble Chapel<br \/>\n2004 . <a href=\"http:\/\/www.bienalesdearquitectura.es\/index.php\/es\/iv-biau\/6766-iv-biau-chile-finalista-capilla-el-roble.html\" target=\"_blank\" rel=\"noopener\">Premio Bienal BIAU IV (Lima)<\/a> . <a href=\"https:\/\/57studio.com\/en\/projects\/el-roble-chapel\/\" target=\"_blank\" rel=\"noopener\">El Roble Chapel<\/a><br \/>\n2004 . Bienal de Venecia IX Venice Biennale . El Roble Chapel<br \/>\n2004 . XIV Chile Biennale . El Roble Chapel<br \/>\n2004 . XIV Chile Biennale . Contex Industrial Plant[\/vc_column_text][\/vc_column_inner][\/vc_row_inner][\/vc_tta_section][vc_tta_section title=&#8221;Exhibitions \/ Lectures \/ Interviews&#8221; tab_id=&#8221;1679533451859-03d0b07d-c7e4&#8243;][vc_column_text el_class=&#8221;especial&#8221;]2024 . Lecture . <a href=\"https:\/\/www.arquitectonicamente.cl\/\" target=\"_blank\" rel=\"noopener\">ARQ%2024<\/a> . Encuentro de Arquitectura . 57STUDIO . <a href=\"https:\/\/youtu.be\/X-u_sTbjmxU?si=QqIjeN3wSFCqrFNK\" target=\"_blank\" rel=\"noopener\">Video<\/a><br \/>\n2023 . Presentation . Madera 21 . Semana de la Madera 2023 . E2E Office . Maurizio Angelini . <a href=\"https:\/\/57studio.com\/wp-content\/uploads\/2015\/05\/57-E2E_Presentacio\u0301n_MAD-21_23-09-23_5MB.pdf\" target=\"_blank\" rel=\"noopener\">Download PDF<\/a><br \/>\n2023 . Interview . HILAM Arauco . Madera 1: Espacios, Innovaci\u00f3n y Luz . E2E Office . <a href=\"https:\/\/www.youtube.com\/watch?v=O8U9N-IZysc\" target=\"_blank\" rel=\"noopener\">Video<\/a><br \/>\n2023 . Podcast . Radio Duna . Santiago Adicto . Arquitectos chilenos un paso m\u00e1s all\u00e1 . <a href=\"https:\/\/www.duna.cl\/podcasts\/las-oficinas-que-arquitectos-chilenos-que-estan-yendo-un-paso-mas-alla\/\" target=\"_blank\" rel=\"noopener\">Video \/ Audio<\/a><br \/>\n2020 . Lecture . UDP . \u201cClase Abierta\u201d . Holanda Townhouses . Maurizio Angelini . <a href=\"https:\/\/www.youtube.com\/watch?v=tH4Y1t_klrA\" target=\"_blank\" rel=\"noopener\">Video<\/a><br \/>\n2018 . Interview . Hunter Douglas . <a href=\"https:\/\/es-la.facebook.com\/hdlatam\/videos\/500115313834206\/\" target=\"_blank\" rel=\"noopener\">Video<\/a><br \/>\n2017 . Lecture . USS (Concepci\u00f3n) . Benjam\u00edn Oportot . <a href=\"https:\/\/vimeo.com\/244533650\" target=\"_blank\" rel=\"noopener\">Video<\/a><br \/>\n2017 . Video . <a href=\"https:\/\/www.youtube.com\/watch?v=Y_0p7y4YawI\" target=\"_blank\" rel=\"noopener\">Grupo SUD by Otro Foco<\/a><br \/>\n2017 . Video . <a href=\"https:\/\/www.facebook.com\/57STUDIO\/videos\/fld-house-by-pablo-casals-aguirre\/1546507585385074\/\" target=\"_blank\" rel=\"noopener\">FLD House by Pablo Casals Aguirre<\/a><br \/>\n2016 . Lecture . USS (Puerto Montt)<br \/>\n2016 . Exhibition . <a href=\"https:\/\/www.centerforarchitecture.org\/exhibitions\/extra-ordinary-new-practices-chilean-architecture\/\" target=\"_blank\" rel=\"noopener\">Extra-Ordinary (NYC)<\/a> . <a href=\"https:\/\/57studio.com\/en\/projects\/fld-house\/\" target=\"_blank\" rel=\"noopener\">FLD House<\/a><br \/>\n2016 . Lecture . <a href=\"https:\/\/www.madera21.cl\/arquitectos-de-57-studio-presentan-galpon-de-madera-en-la-sdlm\/\" target=\"_blank\" rel=\"noopener\">Semana de la Madera<\/a><br \/>\n2013 . Interview . Plataforma Arquitectura . <a href=\"https:\/\/www.youtube.com\/watch?v=7R1-EDUyF0Y\" target=\"_blank\" rel=\"noopener\">Video<\/a><br \/>\n2012 . Lecture . Universidad de Chile<br \/>\n2011 . Exhibition . GAP (Melbourne)<br \/>\n2009 . Exhibition . Festival WAF (Barcelona)<br \/>\n2008 . Lecture . Universidad Andr\u00e9s Bello<br \/>\n2006 . Lecture . Unifra (Brasil)<br \/>\n2006 . Lecture . XV Santiago Biennale<br \/>\n2005 . Lecture . Universidad de las Am\u00e9ricas<br \/>\n2005 . Lecture . U.T. Federico Santa Mar\u00eda<br \/>\n2005 . Lecture . U. del Desarrollo (Santiago)<br \/>\n2005 . Lecture . U. del Desarrollo (Concepci\u00f3n)<br \/>\n2005 . Lecture . Universidad de Chile<br \/>\n2005 . Lecture . Universidad Cat\u00f3lica<br \/>\n2005 . Lecture . Universidad de Santiago[\/vc_column_text][\/vc_tta_section][\/vc_tta_accordion][\/vc_column][\/vc_row]<\/p>\n","protected":false},"excerpt":{"rendered":"<p>[vc_row][vc_column offset=&#8221;vc_hidden-xs&#8221;][sth_slider title=&#8221;Medios&#8221; slider=&#8221;4489&#8243;][\/vc_column][\/vc_row][vc_row][vc_column][vc_tta_accordion active_section=&#8221;10&#8243; collapsible_all=&#8221;true&#8221;][vc_tta_section title=&#8221;Press&#8221; tab_id=&#8221;1679530875598-3f2c0e90-9316&#8243;][vc_row_inner][vc_column_inner width=&#8221;1\/2&#8243;][vc_column_text el_class=&#8221;especial&#8221;]BOOKS 2024 . LATARQ 03: Arquitectura Latinoamericana (Hunter Douglas) 2023 &#8230;.<\/p>\n","protected":false},"author":1,"featured_media":0,"parent":0,"menu_order":0,"comment_status":"closed","ping_status":"closed","template":"","meta":{"footnotes":""},"_links":{"self":[{"href":"https:\/\/57studio.com\/en\/wp-json\/wp\/v2\/pages\/4391"}],"collection":[{"href":"https:\/\/57studio.com\/en\/wp-json\/wp\/v2\/pages"}],"about":[{"href":"https:\/\/57studio.com\/en\/wp-json\/wp\/v2\/types\/page"}],"author":[{"embeddable":true,"href":"https:\/\/57studio.com\/en\/wp-json\/wp\/v2\/users\/1"}],"replies":[{"embeddable":true,"href":"https:\/\/57studio.com\/en\/wp-json\/wp\/v2\/comments?post=4391"}],"version-history":[{"count":152,"href":"https:\/\/57studio.com\/en\/wp-json\/wp\/v2\/pages\/4391\/revisions"}],"predecessor-version":[{"id":4784,"href":"https:\/\/57studio.com\/en\/wp-json\/wp\/v2\/pages\/4391\/revisions\/4784"}],"wp:attachment":[{"href":"https:\/\/57studio.com\/en\/wp-json\/wp\/v2\/media?parent=4391"}],"curies":[{"name":"wp","href":"https:\/\/api.w.org\/{rel}","templated":true}]}}