{"id":3377,"date":"2016-10-10T13:17:22","date_gmt":"2016-10-10T13:17:22","guid":{"rendered":"http:\/\/collective.stonedthemes.com\/v2\/about-2-copy\/"},"modified":"2026-03-06T14:53:22","modified_gmt":"2026-03-06T14:53:22","slug":"team","status":"publish","type":"page","link":"https:\/\/57studio.com\/en\/team\/","title":{"rendered":"Team"},"content":{"rendered":"<p>[vc_row][vc_column][vc_empty_space height=&#8221;10px&#8221;][vc_column_text]<\/p>\n<p style=\"color: #999999; text-align: justify;\">57STUDIO is an architectural firm founded in 2002. Its partners, Maurizio Angelini and Benjam\u00edn Oportot, are both architects from the University of Chile. Their work has been published, exhibited and awarded globally. In 2004, they won the XIV Chilean Architecture Biennial and were selected as part of the Chilean exhibitors to present at the IX Venice Biennale. In 2016 they were awarded the First Prize at Casa FOA, interior design exhibition in Chile. That year they were also recognized at the X BIAU Ibero-American Architecture Biennial. In 2018 they won the Best Object Design Award by Chilean ED Magazine. Their work seeks to maximize the relationship between the building and its context. This search is developed through a design process with a technical and constructive approach, harmoniously combining form, function and materials.<\/p>\n<p>[\/vc_column_text][\/vc_column][\/vc_row][vc_row][vc_column width=&#8221;1\/2&#8243;][sth_author author_name=&#8221;Maurizio Angelini Amadori&#8221; author_position=&#8221;Architect. University of Chile, 2001.&#8221; author_link=&#8221;mailto:ma@57studio.com&#8221; image_url=&#8221;4763&#8243; display=&#8221;Extended Info&#8221; sc_networks=&#8221;%5B%5D&#8221;]Chilean, born in 1977. Since 2007 he has been a member of the board of directors for companies that include Elemental S.A., Inmobiliaria Las Salinas Ltda., AntarChile S.A. and Empresas Copec S.A. Between 2005 and 2012 he was a Design Project professor in different architecture schools. Before beginning his studies in 1996 he had experiences linked to graphic design, architectural photography and music.<\/p>\n<p><strong><a style=\"text-decoration: none;\" href=\"mailto:ma@57studio.com\">ma@57studio.com<\/a><\/strong>[\/sth_author][\/vc_column][vc_column width=&#8221;1\/2&#8243;][sth_author author_name=&#8221;Benjam\u00edn Oportot Frigerio&#8221; author_position=&#8221;Architect. University of Chile, 2001.&#8221; author_link=&#8221;mailto:bo@57studio.com&#8221; image_url=&#8221;4762&#8243; display=&#8221;Extended Info&#8221; sc_networks=&#8221;%5B%5D&#8221;]Chilean, born in 1977. Graduated with the project &#8220;Chile\u2019s Museum of Caricature&#8221;, which was awarded first place in the XIII Santiago Biennial. Oportot has been a professor of Design Project at different architecture schools and since 2012 he is an assistant professor at San Sebastian University. His hobbies are drawing and music.<\/p>\n<p><strong><a style=\"text-decoration: none;\" href=\"mailto:bo@57studio.com\">bo@57studio.com<\/a><\/strong>[\/sth_author][\/vc_column][\/vc_row][vc_row][vc_column][vc_column_text css=&#8221;.vc_custom_1708969589827{padding-top: 20px !important;padding-bottom: 0px !important;}&#8221;]<\/p>\n<h4 class=\"text-uppercase\"><span style=\"color: #151515;\">TEAM<\/span><\/h4>\n<p>[\/vc_column_text][\/vc_column][\/vc_row][vc_row][vc_column][vc_column_text]<span style=\"color: #151515;\"><strong>MARCELO LEP\u00cdN<\/strong><\/span><br \/>\n<span style=\"color: #999999;\">Architect UNAB 2012<\/span><\/p>\n<p><span style=\"color: #151515;\"><strong>MANUEL PAVEZ<\/strong><\/span><br \/>\n<span style=\"color: #999999;\">Architect UDP 2022<\/span><\/p>\n<p><span style=\"color: #151515;\"><strong>SEBASTI\u00c1N VERGARA<\/strong><\/span><br \/>\n<span style=\"color: #999999;\">Architect UDP 2024<\/span>[\/vc_column_text][\/vc_column][\/vc_row][vc_row][vc_column][vc_column_text]<\/p>\n<h5>FORMER COLLABORATORS<\/h5>\n<p style=\"color: #999999; text-align: justify;\">Vicente Tobar \u2022 Constanza Mu\u00f1oz \u2022 Josefa Flores \u2022 Maximiliano Montecinos \u2022 Ignacio P\u00e9rez \u2022 Katherine Gonz\u00e1lez \u2022 Salvador Oviedo \u2022 Gonzalo Cisternas \u2022 \u00c1lvaro Pizarro \u2022 Diego Sep\u00falveda \u2022 Stephanie Galle \u2022 Aynoa Mettifogo \u2022 Sebasti\u00e1n Riveros \u2022 Nicol\u00e1s Allende \u2022 Luis Antonio Porr\u00e1s \u2022 Jos\u00e9 Daniel Cardona \u2022 Andrea Rodr\u00edguez \u2022 Soledad Niemann \u2022 Josefina Mendoza \u2022 Reto Z\u00fcger \u2022 H\u00e9ctor Ant\u00fanez \u2022 Tom\u00e1s Hevia \u2022 Cristian Alvi\u00f1a \u2022 Sophie Ponthieu \u2022 Jos\u00e9 Daniel Cardona \u2022 Jaime O\u00b4Ryan \u2022 Daniela Gonz\u00e1lez \u2022 Jaime Navarrete \u2022 Jakub Poh\u016fnek \u2022 Nicol\u00e1s Naranjo \u2022 Rub\u00e9n Salinas \u2022 Rebeca Pinto \u2022 Sam Carpenter \u2022 Ronald Cayllahui \u2022 Pedro Hoffmann \u2022 Catalina Besser \u2022 Sebasti\u00e1n Nicolossi \u2022 Oana Ghinea \u2022 V\u00edctor Imperiale \u2022 Thomas Illge \u2022 Sebasti\u00e1n Vega \u2022 Alexandra Gray \u2022 Natalia Rubio \u2022 Felipe Zamora \u2022 Daiana Dur\u00e1n \u2022 Alexander Heselaars \u2022 Fernando Torres \u2022 Albert Orozco \u2022 Nicol\u00f2 Zingoni \u2022 Carlos G\u00e1lvez \u2022 Anna Saldi \u2022 J\u00e9r\u00e9my D\u00e9lvaux \u2022 David Leininger \u2022 Monica Loddo \u2022 Pabla Amigo \u2022 Etienne Pernot du Breuil \u2022 Julia Morrissey \u2022 Luisa Manr\u00edquez \u2022 Thea Hallak \u2022 Jules Streiff \u2022 Karolin Kegel \u2022 S\u00e9amus Guidera \u2022 Leonardo Aravena \u2022 Mauricio Quiroz \u2022 Gizel Gui\u00f1ez \u2022 Rosaura Acevedo \u2022 Macarena Pino \u2022 Jonathan Brierley \u2022 C\u00e9sar Banda \u2022 Carla Uribe \u2022 Sergio Pizarro \u2022 Crist\u00f3bal Karich \u2022 Sebasti\u00e1n Espinoza<\/p>\n<p>[\/vc_column_text][\/vc_column][\/vc_row]<\/p>\n","protected":false},"excerpt":{"rendered":"<p>[vc_row][vc_column][vc_empty_space height=&#8221;10px&#8221;][vc_column_text] 57STUDIO is an architectural firm founded in 2002. Its partners, Maurizio Angelini and Benjam\u00edn Oportot, are both architects&#8230;<\/p>\n","protected":false},"author":1,"featured_media":0,"parent":0,"menu_order":0,"comment_status":"closed","ping_status":"closed","template":"","meta":{"footnotes":""},"_links":{"self":[{"href":"https:\/\/57studio.com\/en\/wp-json\/wp\/v2\/pages\/3377"}],"collection":[{"href":"https:\/\/57studio.com\/en\/wp-json\/wp\/v2\/pages"}],"about":[{"href":"https:\/\/57studio.com\/en\/wp-json\/wp\/v2\/types\/page"}],"author":[{"embeddable":true,"href":"https:\/\/57studio.com\/en\/wp-json\/wp\/v2\/users\/1"}],"replies":[{"embeddable":true,"href":"https:\/\/57studio.com\/en\/wp-json\/wp\/v2\/comments?post=3377"}],"version-history":[{"count":152,"href":"https:\/\/57studio.com\/en\/wp-json\/wp\/v2\/pages\/3377\/revisions"}],"predecessor-version":[{"id":4818,"href":"https:\/\/57studio.com\/en\/wp-json\/wp\/v2\/pages\/3377\/revisions\/4818"}],"wp:attachment":[{"href":"https:\/\/57studio.com\/en\/wp-json\/wp\/v2\/media?parent=3377"}],"curies":[{"name":"wp","href":"https:\/\/api.w.org\/{rel}","templated":true}]}}